{"id":57,"date":"2014-07-29T15:56:49","date_gmt":"2014-07-29T15:56:49","guid":{"rendered":"http:\/\/ww2.ursulaoelke.com\/?page_id=57"},"modified":"2024-04-22T13:34:42","modified_gmt":"2024-04-22T13:34:42","slug":"concerts","status":"publish","type":"page","link":"https:\/\/www.ursulaoelke.com\/en\/concerts\/","title":{"rendered":"Concerts"},"content":{"rendered":"[vc_row][vc_column][vc_column_text]\n<h2 style=\"padding-top: 10px;\">Melodiven im 2024 &#8211; &#8220;Die feine Unterhaltung&#8221;<\/h2>\n<div class=\"su-row\">\n<p>Saturday 4. May 17:00 \u2013 Evang.-Ref. Kirche Weggis<\/p>\n<p>Friday 10. May 20:00 \u2013 Kulturkreis Dielsdorf<\/p>\n<p>Saturday 15. June 20:00 \u2013 Kleinb\u00fchne Chupferturm Schwyz<\/p>\n<p>If there\u2019s not quite enough money for a Gucci bag, the four golden voices and their pianist transform the trivial into noble and the ancient into surprising novelties \u2013 all within a blink of an eye.<\/p>\n<p>And yes, you can book us on <a href=\"http:\/\/www.melodiven.ch\">www.melodiven.ch<\/a>!<\/p>\n<\/div>[\/vc_column_text][\/vc_column][\/vc_row][vc_row][vc_column width=&#8221;2\/3&#8243;][vc_column_text]\n<h2 style=\"padding-top: 10px;\">Charity Concert for Ukraine<\/h2>\n<div class=\"su-row\">\n<p>Friday 14. June 19.30 \u2013 Kath. Kirche St. Otmar, St. Gallen<\/p>\n<p>With B\u00e9atrice Rogger, Emanuel R\u00fctsche, David Maze, Freizeitch\u00f6rli Berneck, St. Otmar Musik, Gospelchor Centrum and many more, organized by B\u00e9atrice Rogger<\/p>\n<\/div>[\/vc_column_text][\/vc_column][vc_column width=&#8221;1\/3&#8243;][vc_single_image image=&#8221;801&#8243; onclick=&#8221;img_link_large&#8221;][\/vc_column][\/vc_row][vc_row][vc_column][vc_column_text]\n<h2 style=\"padding-top: 10px;\">Come fly with us \u2013 Tour 2024 \u2013 operated by Air Melodiven und Inflagranti Airlines<\/h2>\n<div class=\"su-row\">\n<p>Sunday 23. June 19:00 \u2013 Westsch\u00f6pfe Wettingen AG<\/p>\n<p>Saturday 6. July 19:00 \u2013 S\u00fcdpol Luzern (Grosser Saal der Musikschule)<\/p>\n<p>Sunday 7. July 19:00\u00a0 \u2013 Kirchgemeindehaus H\u00f6ngg, Z\u00fcrich<\/p>\n<p>Saturday 14. September 19:00\u00a0 \u2013 Gew\u00fcrzm\u00fchle Zug<\/p>\n<p>Friday 20. September 19:00\u00a0 \u2013 Hotel Linde Heiden AR<\/p>\n<p>Sunday 22. September 19:00 \u2013 Offene Kirche St. Gallen<\/p>\n<p>A musically opulent trip \u2013 after the Xmas-program \u201cSingle Bells\u201d the second joint venture of the Melodiven and the Quintetto Inflagranti.Tailored subtle and witty arrangements will delight our passengers, and all of that without an ecologial Footprint. Travel with us!<\/p>\n<p>And yes, you can book us through either of our websites!<\/p>\n<\/div>\n<h2 style=\"padding-top: 10px;\">Church concerts as a soprano<\/h2>\n<div class=\"su-row\">\n<p>Missa &#8220;Magnae Exspectationis&#8221; by J.C.F. Fischer as one of 4 soloists, the church choir and the Goldach Chamber Orchestra under the direction of Albert Knechtle.<\/p>\n<p>Easter Sunday March 31 9.15 a.m. &#8211; Catholic Church Goldach<\/p>\n<p>Sunday June 30, 10 a.m. &#8211; Church Festival Catholic Church Untereggen<\/p>\n<p>Sunday August 25, 10 a.m. &#8211; Catholic Church Goldach<\/p>\n<p>Additional entry<\/p>\n<\/div>\n<h2 style=\"padding-top: 10px;\">Die Melodiven<\/h2>\n<div class=\"su-row\">\n<p>Four Concert singers and one pianist found each other in 2016 for this female quintet. In February 2023 I joined them as a singing pianist. Flawlessly and with musicality of the finest we interprete songs and Lieder of all styles. Five Divas in beautiful harmony \u2013 and without catfights. We explore the possibilities of sound, voice and choreography.<\/p>\n<p>You\u2019ll find all our useful information for research and bookings on our website <a href=\"http:\/\/www.melodiven.ch\">www.melodiven.ch<\/a>. We\u2019re looking forward to make our music for you!<\/p>\n<\/div>[\/vc_column_text][\/vc_column][\/vc_row]\n","protected":false},"excerpt":{"rendered":"<p>[vc_row][vc_column][vc_column_text] Melodiven im 2024 &#8211; &#8220;Die feine Unterhaltung&#8221; [\/vc_column_text][\/vc_column][\/vc_row][vc_row][vc_column width=&#8221;2\/3&#8243;][vc_column_text] Charity Concert for Ukraine [\/vc_column_text][\/vc_column][vc_column width=&#8221;1\/3&#8243;][vc_single_image image=&#8221;801&#8243; onclick=&#8221;img_link_large&#8221;][\/vc_column][\/vc_row][vc_row][vc_column][vc_column_text] Come fly with us \u2013 Tour 2024 \u2013 operated by Air Melodiven und Inflagranti Airlines Church concerts as a soprano Die Melodiven&#8230;<\/p>\n","protected":false},"author":1,"featured_media":0,"parent":0,"menu_order":0,"comment_status":"open","ping_status":"open","template":"","meta":[],"_links":{"self":[{"href":"https:\/\/www.ursulaoelke.com\/en\/wp-json\/wp\/v2\/pages\/57"}],"collection":[{"href":"https:\/\/www.ursulaoelke.com\/en\/wp-json\/wp\/v2\/pages"}],"about":[{"href":"https:\/\/www.ursulaoelke.com\/en\/wp-json\/wp\/v2\/types\/page"}],"author":[{"embeddable":true,"href":"https:\/\/www.ursulaoelke.com\/en\/wp-json\/wp\/v2\/users\/1"}],"replies":[{"embeddable":true,"href":"https:\/\/www.ursulaoelke.com\/en\/wp-json\/wp\/v2\/comments?post=57"}],"version-history":[{"count":30,"href":"https:\/\/www.ursulaoelke.com\/en\/wp-json\/wp\/v2\/pages\/57\/revisions"}],"predecessor-version":[{"id":826,"href":"https:\/\/www.ursulaoelke.com\/en\/wp-json\/wp\/v2\/pages\/57\/revisions\/826"}],"wp:attachment":[{"href":"https:\/\/www.ursulaoelke.com\/en\/wp-json\/wp\/v2\/media?parent=57"}],"curies":[{"name":"wp","href":"https:\/\/api.w.org\/{rel}","templated":true}]}}